{"id":562,"date":"2025-03-24T20:37:15","date_gmt":"2025-03-24T19:37:15","guid":{"rendered":"https:\/\/leclairante.fr\/?post_type=product&#038;p=562"},"modified":"2025-10-06T10:54:56","modified_gmt":"2025-10-06T08:54:56","slug":"popenguine","status":"publish","type":"product","link":"https:\/\/leclairante.fr\/index.php\/produit\/popenguine\/","title":{"rendered":"Popenguine"},"content":{"rendered":"<p><span class=\"relative -mx-px my-[-0.2rem] rounded px-px py-[0.2rem] transition-colors duration-100 ease-in-out\">R\u00e9alis\u00e9 \u00e0 la main, le tissu en <strong data-start=\"31\" data-end=\"40\">batik<\/strong> d\u00e9voile de d\u00e9licates lignes brunes sur un fond rose ou bleu, tandis que le <strong data-start=\"116\" data-end=\"136\">tissage Jacquard<\/strong> r\u00e9v\u00e8le en filigrane un motif floral \u00e9l\u00e9gant.<\/span> <span class=\"relative -mx-px my-[-0.2rem] rounded px-px py-[0.2rem] transition-colors duration-100 ease-in-out\">Chaque pi\u00e8ce est mont\u00e9e sur un polyphane blanc, garantissant une diffusion douce et chaleureuse de la lumi\u00e8re<\/span><\/p>\n<p>&nbsp;<\/p>\n","protected":false},"excerpt":{"rendered":"<p data-start=\"359\" data-end=\"473\"><span class=\"relative -mx-px my-[-0.2rem] rounded px-px py-[0.2rem] transition-colors duration-100 ease-in-out\">Apportez une touche d\u2019\u00e9vasion et d\u2019\u00e9l\u00e9gance \u00e0 votre int\u00e9rieur avec l\u2019abat-jour <strong data-start=\"79\" data-end=\"93\">Popenguine<\/strong>, une cr\u00e9ation unique m\u00ealant savoir-faire artisanal et design raffin\u00e9.<\/span> <span class=\"relative -mx-px my-[-0.2rem] rounded px-px py-[0.2rem] transition-colors duration-100 ease-in-out\">Inspir\u00e9 par la beaut\u00e9 naturelle de la c\u00f4te s\u00e9n\u00e9galaise, ce luminaire \u00e9voque les paysages de la r\u00e9serve de Popenguine, entre falaises ocre et v\u00e9g\u00e9tation luxuriante.<\/span><\/p>\n","protected":false},"featured_media":574,"comment_status":"open","ping_status":"closed","template":"","meta":[],"product_brand":[],"product_cat":[29,30],"product_tag":[],"class_list":{"0":"post-562","1":"product","2":"type-product","3":"status-publish","4":"has-post-thumbnail","6":"product_cat-abat-jour-pour-lampe-a-poser","7":"product_cat-abat-jour-pour-lampe-sur-pied","8":"product_shipping_class-medium","10":"first","11":"instock","12":"purchasable","13":"product-type-variable"},"_links":{"self":[{"href":"https:\/\/leclairante.fr\/index.php\/wp-json\/wp\/v2\/product\/562","targetHints":{"allow":["GET"]}}],"collection":[{"href":"https:\/\/leclairante.fr\/index.php\/wp-json\/wp\/v2\/product"}],"about":[{"href":"https:\/\/leclairante.fr\/index.php\/wp-json\/wp\/v2\/types\/product"}],"replies":[{"embeddable":true,"href":"https:\/\/leclairante.fr\/index.php\/wp-json\/wp\/v2\/comments?post=562"}],"wp:featuredmedia":[{"embeddable":true,"href":"https:\/\/leclairante.fr\/index.php\/wp-json\/wp\/v2\/media\/574"}],"wp:attachment":[{"href":"https:\/\/leclairante.fr\/index.php\/wp-json\/wp\/v2\/media?parent=562"}],"wp:term":[{"taxonomy":"product_brand","embeddable":true,"href":"https:\/\/leclairante.fr\/index.php\/wp-json\/wp\/v2\/product_brand?post=562"},{"taxonomy":"product_cat","embeddable":true,"href":"https:\/\/leclairante.fr\/index.php\/wp-json\/wp\/v2\/product_cat?post=562"},{"taxonomy":"product_tag","embeddable":true,"href":"https:\/\/leclairante.fr\/index.php\/wp-json\/wp\/v2\/product_tag?post=562"}],"curies":[{"name":"wp","href":"https:\/\/api.w.org\/{rel}","templated":true}]}}