{"id":350,"date":"2024-09-23T16:40:43","date_gmt":"2024-09-23T14:40:43","guid":{"rendered":"https:\/\/store.leclairante.fr\/?post_type=product&#038;p=350"},"modified":"2025-11-26T08:59:20","modified_gmt":"2025-11-26T07:59:20","slug":"soweto","status":"publish","type":"product","link":"https:\/\/leclairante.fr\/index.php\/produit\/soweto\/","title":{"rendered":"Soweto"},"content":{"rendered":"<p><span class=\"relative -mx-px my-[-0.2rem] rounded px-px py-[0.2rem] transition-colors duration-100 ease-in-out\">L\u2019abat-jour <strong data-start=\"12\" data-end=\"22\">Soweto<\/strong> diffuse une lumi\u00e8re douce et chaleureuse gr\u00e2ce \u00e0 son int\u00e9rieur en polyphane dor\u00e9, cr\u00e9ant une ambiance apaisante dans votre espace de vie.<\/span> <span class=\"relative -mx-px my-[-0.2rem] rounded px-px py-[0.2rem] transition-colors duration-100 ease-in-out\">Ses motifs circulaires rappellent les traditions artistiques africaines, faisant de ce luminaire une pi\u00e8ce ma\u00eetresse de votre d\u00e9coration.<\/span><\/p>\n","protected":false},"excerpt":{"rendered":"<p data-start=\"490\" data-end=\"640\"><span class=\"relative -mx-px my-[-0.2rem] rounded px-px py-[0.2rem] transition-colors duration-100 ease-in-out\">Apportez une touche d&rsquo;exotisme et de chaleur \u00e0 votre int\u00e9rieur avec l\u2019abat-jour <strong data-start=\"80\" data-end=\"90\">Soweto<\/strong>, une cr\u00e9ation artisanale sign\u00e9e L\u2019\u00e9clairante.<\/span> <span class=\"relative -mx-px my-[-0.2rem] rounded px-px py-[0.2rem] transition-colors duration-100 ease-in-out\">Confectionn\u00e9 \u00e0 la main, ce luminaire unique associe un tissu 100% coton \u00e0 des motifs circulaires inspir\u00e9s de l&rsquo;art africain, dans des teintes de bleu marine, beige, marron et noir.<\/span> <span class=\"relative -mx-px my-[-0.2rem] rounded px-px py-[0.2rem] transition-colors duration-100 ease-in-out\">Son design \u00e9l\u00e9gant et intemporel s\u2019int\u00e8gre parfaitement dans une d\u00e9coration ethnique ou contemporaine.<\/span><\/p>\n","protected":false},"featured_media":511,"comment_status":"open","ping_status":"closed","template":"","meta":[],"product_brand":[],"product_cat":[29],"product_tag":[],"class_list":{"0":"post-350","1":"product","2":"type-product","3":"status-publish","4":"has-post-thumbnail","6":"product_cat-abat-jour-pour-lampe-a-poser","7":"product_shipping_class-medium","9":"first","10":"instock","11":"purchasable","12":"product-type-simple"},"_links":{"self":[{"href":"https:\/\/leclairante.fr\/index.php\/wp-json\/wp\/v2\/product\/350","targetHints":{"allow":["GET"]}}],"collection":[{"href":"https:\/\/leclairante.fr\/index.php\/wp-json\/wp\/v2\/product"}],"about":[{"href":"https:\/\/leclairante.fr\/index.php\/wp-json\/wp\/v2\/types\/product"}],"replies":[{"embeddable":true,"href":"https:\/\/leclairante.fr\/index.php\/wp-json\/wp\/v2\/comments?post=350"}],"wp:featuredmedia":[{"embeddable":true,"href":"https:\/\/leclairante.fr\/index.php\/wp-json\/wp\/v2\/media\/511"}],"wp:attachment":[{"href":"https:\/\/leclairante.fr\/index.php\/wp-json\/wp\/v2\/media?parent=350"}],"wp:term":[{"taxonomy":"product_brand","embeddable":true,"href":"https:\/\/leclairante.fr\/index.php\/wp-json\/wp\/v2\/product_brand?post=350"},{"taxonomy":"product_cat","embeddable":true,"href":"https:\/\/leclairante.fr\/index.php\/wp-json\/wp\/v2\/product_cat?post=350"},{"taxonomy":"product_tag","embeddable":true,"href":"https:\/\/leclairante.fr\/index.php\/wp-json\/wp\/v2\/product_tag?post=350"}],"curies":[{"name":"wp","href":"https:\/\/api.w.org\/{rel}","templated":true}]}}