{"id":346,"date":"2024-09-23T15:21:20","date_gmt":"2024-09-23T13:21:20","guid":{"rendered":"https:\/\/store.leclairante.fr\/?post_type=product&#038;p=346"},"modified":"2025-05-26T16:58:29","modified_gmt":"2025-05-26T14:58:29","slug":"ikan","status":"publish","type":"product","link":"https:\/\/leclairante.fr\/index.php\/produit\/ikan\/","title":{"rendered":"Ikan"},"content":{"rendered":"<p data-start=\"1143\" data-end=\"1261\"><span class=\"relative -mx-px my-[-0.2rem] rounded px-px py-[0.2rem] transition-colors duration-100 ease-in-out\">L\u2019abat-jour <strong data-start=\"12\" data-end=\"20\">Ikan<\/strong> diffuse une lumi\u00e8re douce et apaisante, cr\u00e9ant une ambiance chaleureuse dans votre espace de vie.<\/span> <span class=\"relative -mx-px my-[-0.2rem] rounded px-px py-[0.2rem] transition-colors duration-100 ease-in-out\">Ses motifs de poissons stylis\u00e9s apportent une dimension artistique et marine, faisant de ce luminaire une pi\u00e8ce ma\u00eetresse de votre d\u00e9coration.<\/span><\/p>\n","protected":false},"excerpt":{"rendered":"<p data-start=\"492\" data-end=\"642\"><span class=\"relative -mx-px my-[-0.2rem] rounded px-px py-[0.2rem] transition-colors duration-100 ease-in-out\">Apportez une touche d&rsquo;exotisme et de fra\u00eecheur \u00e0 votre int\u00e9rieur avec l\u2019abat-jour <strong data-start=\"82\" data-end=\"90\">Ikan<\/strong>, une cr\u00e9ation artisanale sign\u00e9e L\u2019\u00e9clairante.<\/span> <span class=\"relative -mx-px my-[-0.2rem] rounded px-px py-[0.2rem] transition-colors duration-100 ease-in-out\">Confectionn\u00e9 \u00e0 la main, ce luminaire unique associe un tissu 100% coton \u00e0 des motifs de poissons stylis\u00e9s dans des teintes de bleu, rose et vert.<\/span> <span class=\"relative -mx-px my-[-0.2rem] rounded px-px py-[0.2rem] transition-colors duration-100 ease-in-out\">Son design original et color\u00e9 s\u2019int\u00e8gre parfaitement dans une d\u00e9coration marine ou contemporaine.<\/span><\/p>\n","protected":false},"featured_media":513,"comment_status":"open","ping_status":"closed","template":"","meta":[],"product_brand":[],"product_cat":[29,30],"product_tag":[],"class_list":{"0":"post-346","1":"product","2":"type-product","3":"status-publish","4":"has-post-thumbnail","6":"product_cat-abat-jour-pour-lampe-a-poser","7":"product_cat-abat-jour-pour-lampe-sur-pied","8":"product_shipping_class-medium","10":"first","11":"instock","12":"purchasable","13":"product-type-simple"},"_links":{"self":[{"href":"https:\/\/leclairante.fr\/index.php\/wp-json\/wp\/v2\/product\/346","targetHints":{"allow":["GET"]}}],"collection":[{"href":"https:\/\/leclairante.fr\/index.php\/wp-json\/wp\/v2\/product"}],"about":[{"href":"https:\/\/leclairante.fr\/index.php\/wp-json\/wp\/v2\/types\/product"}],"replies":[{"embeddable":true,"href":"https:\/\/leclairante.fr\/index.php\/wp-json\/wp\/v2\/comments?post=346"}],"wp:featuredmedia":[{"embeddable":true,"href":"https:\/\/leclairante.fr\/index.php\/wp-json\/wp\/v2\/media\/513"}],"wp:attachment":[{"href":"https:\/\/leclairante.fr\/index.php\/wp-json\/wp\/v2\/media?parent=346"}],"wp:term":[{"taxonomy":"product_brand","embeddable":true,"href":"https:\/\/leclairante.fr\/index.php\/wp-json\/wp\/v2\/product_brand?post=346"},{"taxonomy":"product_cat","embeddable":true,"href":"https:\/\/leclairante.fr\/index.php\/wp-json\/wp\/v2\/product_cat?post=346"},{"taxonomy":"product_tag","embeddable":true,"href":"https:\/\/leclairante.fr\/index.php\/wp-json\/wp\/v2\/product_tag?post=346"}],"curies":[{"name":"wp","href":"https:\/\/api.w.org\/{rel}","templated":true}]}}