{"id":330,"date":"2024-09-17T15:45:39","date_gmt":"2024-09-17T13:45:39","guid":{"rendered":"https:\/\/store.leclairante.fr\/?post_type=product&#038;p=330"},"modified":"2025-05-26T17:01:56","modified_gmt":"2025-05-26T15:01:56","slug":"mareo","status":"publish","type":"product","link":"https:\/\/leclairante.fr\/index.php\/produit\/mareo\/","title":{"rendered":"Mar\u00e9o"},"content":{"rendered":"<p><span class=\"relative -mx-px my-[-0.2rem] rounded px-px py-[0.2rem] transition-colors duration-100 ease-in-out\">L\u2019abat-jour <strong data-start=\"12\" data-end=\"21\">Mar\u00e9o<\/strong> diffuse une lumi\u00e8re douce et apaisante, cr\u00e9ant une ambiance chaleureuse dans votre espace de vie.<\/span> <span class=\"relative -mx-px my-[-0.2rem] rounded px-px py-[0.2rem] transition-colors duration-100 ease-in-out\">Ses motifs marins apportent une dimension artistique et naturelle, faisant de ce luminaire une pi\u00e8ce ma\u00eetresse de votre d\u00e9coration.<\/span><\/p>\n","protected":false},"excerpt":{"rendered":"<p data-start=\"243\" data-end=\"399\"><span class=\"relative -mx-px my-[-0.2rem] rounded px-px py-[0.2rem] transition-colors duration-100 ease-in-out\">Apportez une touche de fra\u00eecheur et d&rsquo;\u00e9l\u00e9gance \u00e0 votre int\u00e9rieur avec l\u2019abat-jour <strong data-start=\"82\" data-end=\"91\">Mar\u00e9o<\/strong>, une cr\u00e9ation artisanale sign\u00e9e L\u2019\u00e9clairante.<\/span> <span class=\"relative -mx-px my-[-0.2rem] rounded px-px py-[0.2rem] transition-colors duration-100 ease-in-out\">Confectionn\u00e9 \u00e0 la main, ce luminaire unique associe un tissu 100% coton blanc \u00e0 de grandes bouteilles aux nuances de bleu, du ciel p\u00e2le \u00e0 la profondeur marine.<\/span> <span class=\"relative -mx-px my-[-0.2rem] rounded px-px py-[0.2rem] transition-colors duration-100 ease-in-out\">Son design raffin\u00e9 et intemporel s\u2019int\u00e8gre parfaitement dans une d\u00e9coration marine ou contemporaine.<\/span><\/p>\n","protected":false},"featured_media":518,"comment_status":"open","ping_status":"closed","template":"","meta":[],"product_brand":[],"product_cat":[30],"product_tag":[],"class_list":{"0":"post-330","1":"product","2":"type-product","3":"status-publish","4":"has-post-thumbnail","6":"product_cat-abat-jour-pour-lampe-sur-pied","7":"product_shipping_class-large","9":"first","10":"instock","11":"sold-individually","12":"purchasable","13":"product-type-variable"},"_links":{"self":[{"href":"https:\/\/leclairante.fr\/index.php\/wp-json\/wp\/v2\/product\/330","targetHints":{"allow":["GET"]}}],"collection":[{"href":"https:\/\/leclairante.fr\/index.php\/wp-json\/wp\/v2\/product"}],"about":[{"href":"https:\/\/leclairante.fr\/index.php\/wp-json\/wp\/v2\/types\/product"}],"replies":[{"embeddable":true,"href":"https:\/\/leclairante.fr\/index.php\/wp-json\/wp\/v2\/comments?post=330"}],"wp:featuredmedia":[{"embeddable":true,"href":"https:\/\/leclairante.fr\/index.php\/wp-json\/wp\/v2\/media\/518"}],"wp:attachment":[{"href":"https:\/\/leclairante.fr\/index.php\/wp-json\/wp\/v2\/media?parent=330"}],"wp:term":[{"taxonomy":"product_brand","embeddable":true,"href":"https:\/\/leclairante.fr\/index.php\/wp-json\/wp\/v2\/product_brand?post=330"},{"taxonomy":"product_cat","embeddable":true,"href":"https:\/\/leclairante.fr\/index.php\/wp-json\/wp\/v2\/product_cat?post=330"},{"taxonomy":"product_tag","embeddable":true,"href":"https:\/\/leclairante.fr\/index.php\/wp-json\/wp\/v2\/product_tag?post=330"}],"curies":[{"name":"wp","href":"https:\/\/api.w.org\/{rel}","templated":true}]}}